{"id":11,"date":"2019-05-01T11:01:02","date_gmt":"2019-05-01T11:01:02","guid":{"rendered":"https:\/\/wp.froehliche-eintracht.de\/?page_id=11"},"modified":"2026-05-03T18:56:35","modified_gmt":"2026-05-03T18:56:35","slug":"die-kolonie","status":"publish","type":"page","link":"https:\/\/wp.froehliche-eintracht.de\/index.php\/die-kolonie\/","title":{"rendered":"Die Kolonie"},"content":{"rendered":"\n<p class=\"has-very-light-gray-background-color has-background has-medium-font-size\">Geschichte unseres Kleing\u00e4rtnervereins<\/p>\n\n\n\n<p class=\"has-very-light-gray-color has-text-color\">In den Gr\u00fcnderjahren vieler Pflanzervereine nach dem ersten Weltkrieg die in unserer Gegend entstanden, war nat\u00fcrlich neben der Erholung vordergr\u00fcndig der Nahrungsmittelgewinn aus dem Kleingarten, sei esnun durch die Ernten oder aber auch durch die Kleintierhaltung, das elementar Wichtige. In den zwanziger bzw. Anfang der drei\u00dfiger Jahre entstanden daher \u00fcberall in Berlin Kleingartenkolonien.<\/p>\n\n\n\n<p class=\"has-very-light-gray-color has-text-color\">Unsere Kleingartenkolonie ist 1919 gegr\u00fcndet worden als &#8220;Pflanzerverein Fr\u00f6hliche Eintracht&#8221;. Das \u00e4lteste Dokument, das uns erhalten ist, ist eine Satzung aus dem Jahre 1921. Es ist \u00fcbrigens das einzige Dokument vor 1946 was wir \u00fcberhaupt haben. 1924 trat die Kolonie als Gr\u00fcndungsmitglied unter ihrem damaligen Vorsitzenden Franz Anders dem Bezirksverband der Kleing\u00e4rtner Tempelhof bei. Nach der Macht\u00fcbernahme durch die Nationalsozialisten gab es kein eigenst\u00e4ndiges Vereinsleben mehr. Gew\u00e4hlte Kolonievorst\u00e4nde wurden durch Parteifunktion\u00e4re ersetzt.<\/p>\n\n\n\n<p class=\"has-very-light-gray-color has-text-color\">In den 40er Jahren folgte dann das traurige Kapitel des zweiten Weltkriegs nd der Nachkriegsjahre gepr\u00e4gt von zerst\u00f6rter Umwelt und Entbehrung.Oftmals war die Kleingartenlaube f\u00fcr viele Familien, die ausgebombt waren , letzte M\u00f6glichkeit um zu \u00fcberleben bzw. \u00fcberhaupt ein Dach \u00fcber dem Kopf zu haben. Und wieder waren Fruchtziehung und Tiere das Wichtigste. <\/p>\n\n\n\n<p class=\"has-very-light-gray-color has-text-color\">Bis in die sp\u00e4ten f\u00fcnfziger Jahre hinein hat sich daran zun\u00e4chst auch nichts ge\u00e4ndert. Der Erholungswert unserer G\u00e4rten trat eigentlich erst in der Mitte der sechziger Jahre in den Vordergrund, bedingt durch tarifliche Urlaubsregelungen aber auch mit Einf\u00fchrung der 5-Tage Woche. Freizeit entstand vermehrt und in einer so von ihrem Umland abgekapselten Stadt wie Berlin erh\u00f6hte sich die Nachfrage nach den Kleing\u00e4rten sprunghaft. 3 Jahre Wartezeit f\u00fcr einen Kleingarten war das \u00dcbliche.<\/p>\n\n\n\n<p class=\"has-very-light-gray-color has-text-color\">Zaghaft begann man sich nun einzurichten. Die gute alte Petroliumlampe hatte ausgedient und man brauchte elektrischen Strom. Infolgedessen gr\u00fcndeten sich erste Lichtgemeinschaften, die gemeinsam ein Stromnetz kauften, was damals nicht gerade billig war. Lange Zeit, bis in die 90er Jahre waren Telefonanschl\u00fcsse in der Laube nicht m\u00f6glich. Der Grundst\u00fcckseigent\u00fcmer (Land Berlin) gestattete es einfach nicht.Kurz vor dem Siegeszug der Handys wurden dann doch \u00fcberall die Telefone verlegt.<\/p>\n\n\n\n<p class=\"has-very-light-gray-color has-text-color\">Nachzutragen bleibt, dass mit der unterirdischen Stromverkabelung und der dann erfolgten Befestigung der Koloniewege Umst\u00e4nde geschaffen sind, die auch dem erholungssuchenden Berliner das Durchwandern der Kolonie attraktiv erscheinen l\u00e4sst. B\u00e4nke an den Wegen und auf unserem Vereinsplatz laden zum Verweilen ein.<\/p>\n\n\n\n<p class=\"has-very-light-gray-color has-text-color\">Dadurch dass zumindest in dieser unserer Kolonie die Fl\u00e4che als Dauerkleingartenfl\u00e4che ausgewiesen ist k\u00f6nnen wir entspannt in die Zukunft unserer Kolonie blicken und uns auf den 100. Geburtstag freuen.<\/p>\n\n\n\n<p class=\"has-very-light-gray-color has-text-color\">Reinhard Schramm, 2019<\/p>\n\n\n\n<p class=\"has-very-light-gray-color has-text-color\"><\/p>\n\n\n\n<h2><br><\/h2>\n\n\n\n<p class=\"has-very-light-gray-color has-text-color has-medium-font-size\"> <br><\/p>\n\n\n\n<p class=\"has-very-light-gray-color has-text-color has-medium-font-size\"> <\/p>\n\n\n\n\n\n<p class=\"has-very-dark-gray-color has-very-light-gray-background-color has-text-color has-background has-medium-font-size\">Satzung <\/p>\n\n\n\n<figure class=\"wp-block-image is-resized\"><a href=\"https:\/\/wp.froehliche-eintracht.de\/wp-content\/uploads\/2019\/05\/satzung.jpg\"><img loading=\"lazy\" src=\"https:\/\/wp.froehliche-eintracht.de\/wp-content\/uploads\/2019\/05\/satzung.jpg\" alt=\"\" class=\"wp-image-121\" width=\"392\" height=\"442\"\/><\/a><figcaption><br><\/figcaption><\/figure>\n\n\n\n<p class=\"has-very-light-gray-color has-text-color has-medium-font-size\"><a href=\"https:\/\/wp.froehliche-eintracht.de\/wp-content\/uploads\/2019\/05\/Satzung-1.pdf\">https:\/\/wp.froehliche-eintracht.de\/wp-content\/uploads\/2019\/05\/Satzung-1.pdf<\/a><\/p>\n\n\n\n<p class=\"has-very-light-gray-background-color has-background has-medium-font-size\">Sie m\u00f6chten einen Kleingarten? Hier finden Sie alle Informationen:  <a href=\"http:\/\/www.freie-kleingaerten-in-berlin.de\">http:\/\/www.freie-kleingaerten-in-berlin.de<\/a><\/p>\n\n\n\n<p class=\"has-very-light-gray-color has-text-color has-medium-font-size\">Weitere n\u00fctzliche Informationen rund um den Kleingarten:&nbsp;<\/p>\n\n\n\n<p class=\"has-very-light-gray-color has-text-color\"><a href=\"https:\/\/www.gartenfreunde-berlin.de\">https:\/\/www.gartenfreunde-berlin.de<\/a><\/p>\n\n\n\n<p class=\"has-very-light-gray-color has-text-color\"><a href=\"http:\/\/www.freie-kleingaerten-in-berlin.de\">http:\/\/www.freie-kleingaerten-in-berlin.de<\/a><\/p>\n\n\n\n<p class=\"has-very-light-gray-color has-text-color\"><a href=\"https:\/\/www.bsr.de\">https:\/\/www.bsr.de<\/a><\/p>\n\n\n\n<p class=\"has-very-light-gray-color has-text-color\"><a href=\"https:\/\/www.kleingarten-bund.de\/de\/\">https:\/\/www.kleingarten-bund.de\/de\/<\/a><\/p>\n\n\n\n<p><\/p>\n","protected":false},"excerpt":{"rendered":"<p>Geschichte unseres Kleing\u00e4rtnervereins In den Gr\u00fcnderjahren vieler Pflanzervereine nach dem ersten Weltkrieg die in unserer Gegend entstanden, war nat\u00fcrlich neben der Erholung vordergr\u00fcndig der Nahrungsmittelgewinn aus dem Kleingarten, sei esnun durch die Ernten oder aber auch durch die Kleintierhaltung, das elementar Wichtige. In den zwanziger bzw. Anfang der drei\u00dfiger Jahre entstanden daher \u00fcberall in Berlin [&hellip;]<\/p>\n","protected":false},"author":1,"featured_media":0,"parent":0,"menu_order":0,"comment_status":"closed","ping_status":"closed","template":"","meta":[],"_links":{"self":[{"href":"https:\/\/wp.froehliche-eintracht.de\/index.php\/wp-json\/wp\/v2\/pages\/11"}],"collection":[{"href":"https:\/\/wp.froehliche-eintracht.de\/index.php\/wp-json\/wp\/v2\/pages"}],"about":[{"href":"https:\/\/wp.froehliche-eintracht.de\/index.php\/wp-json\/wp\/v2\/types\/page"}],"author":[{"embeddable":true,"href":"https:\/\/wp.froehliche-eintracht.de\/index.php\/wp-json\/wp\/v2\/users\/1"}],"replies":[{"embeddable":true,"href":"https:\/\/wp.froehliche-eintracht.de\/index.php\/wp-json\/wp\/v2\/comments?post=11"}],"version-history":[{"count":63,"href":"https:\/\/wp.froehliche-eintracht.de\/index.php\/wp-json\/wp\/v2\/pages\/11\/revisions"}],"predecessor-version":[{"id":677,"href":"https:\/\/wp.froehliche-eintracht.de\/index.php\/wp-json\/wp\/v2\/pages\/11\/revisions\/677"}],"wp:attachment":[{"href":"https:\/\/wp.froehliche-eintracht.de\/index.php\/wp-json\/wp\/v2\/media?parent=11"}],"curies":[{"name":"wp","href":"https:\/\/api.w.org\/{rel}","templated":true}]}}