{"id":76,"date":"2019-05-17T17:32:29","date_gmt":"2019-05-17T17:32:29","guid":{"rendered":"https:\/\/wp.froehliche-eintracht.de\/?page_id=76"},"modified":"2026-05-03T18:54:10","modified_gmt":"2026-05-03T18:54:10","slug":"der-vorstand","status":"publish","type":"page","link":"https:\/\/wp.froehliche-eintracht.de\/index.php\/der-vorstand\/","title":{"rendered":"Der Vorstand"},"content":{"rendered":"\n<p class=\"has-very-light-gray-background-color has-background\"><strong> 1. Vorsitzender: Christian Schirrmeister<\/strong><\/p>\n\n\n\n<figure class=\"wp-block-image size-large is-resized\"><img loading=\"lazy\" src=\"https:\/\/wp.froehliche-eintracht.de\/wp-content\/uploads\/2023\/09\/Christian_KFE-Kopie-768x1024.jpg\" alt=\"\" class=\"wp-image-471\" width=\"262\" height=\"349\" srcset=\"https:\/\/wp.froehliche-eintracht.de\/wp-content\/uploads\/2023\/09\/Christian_KFE-Kopie-768x1024.jpg 768w, https:\/\/wp.froehliche-eintracht.de\/wp-content\/uploads\/2023\/09\/Christian_KFE-Kopie-225x300.jpg 225w, https:\/\/wp.froehliche-eintracht.de\/wp-content\/uploads\/2023\/09\/Christian_KFE-Kopie-1152x1536.jpg 1152w\" sizes=\"(max-width: 262px) 100vw, 262px\" \/><\/figure>\n\n\n\n<p class=\"has-very-light-gray-background-color has-background\">2. Vorsitzende: Reinhart Schramm<\/p>\n\n\n\n<p><img loading=\"lazy\" width=\"1100\" height=\"1650\" class=\"wp-image-77\" style=\"width: 150px;\" src=\"https:\/\/wp.froehliche-eintracht.de\/wp-content\/uploads\/2019\/05\/VorstandPortraits__MG_8178_Klein.jpg\" alt=\"\"><a href=\"https:\/\/www.pinterest.de\/mobilhome\/books-worth-reading\/\"><\/a><\/p>\n\n\n\n<p class=\"has-white-color has-text-color\">1. Kassenwart: Michael Krause<\/p>\n\n\n\n<p class=\"has-white-color has-text-color\">1. Schriftf\u00fchrerin: Anke Gaiser<\/p>\n\n\n\n<p class=\"has-white-color has-text-color\">2. Kassenwartin: Angelika Zastrow<\/p>\n\n\n\n<p class=\"has-white-color has-text-color\">2. Schriftf\u00fchrerin: Carmen Creuzburg<br>Wasserwart: Holger Fiegehenn<\/p>\n\n\n\n<p class=\"has-white-color has-text-color\">Gartenfachberater: Kai Lindenblatt<\/p>\n\n\n\n<p>Gartenwarte: Ricky H\u00f6hn und Bernd Puschel<\/p>\n\n\n\n<p class=\"has-white-color has-text-color has-small-font-size\"><\/p>\n\n\n\n<p class=\"has-white-color has-text-color has-small-font-size\"><\/p>\n\n\n\n<p class=\"has-white-color has-text-color\"><\/p>\n\n\n\n<p><\/p>\n\n\n\n<p><\/p>\n\n\n\n<figure class=\"wp-block-image\"><img alt=\"\"\/><\/figure>\n","protected":false},"excerpt":{"rendered":"<p>1. Vorsitzender: Christian Schirrmeister 2. Vorsitzende: Reinhart Schramm 1. Kassenwart: Michael Krause 1. Schriftf\u00fchrerin: Anke Gaiser 2. Kassenwartin: Angelika Zastrow 2. Schriftf\u00fchrerin: Carmen CreuzburgWasserwart: Holger Fiegehenn Gartenfachberater: Kai Lindenblatt Gartenwarte: Ricky H\u00f6hn und Bernd Puschel<\/p>\n","protected":false},"author":1,"featured_media":0,"parent":0,"menu_order":0,"comment_status":"closed","ping_status":"closed","template":"","meta":[],"_links":{"self":[{"href":"https:\/\/wp.froehliche-eintracht.de\/index.php\/wp-json\/wp\/v2\/pages\/76"}],"collection":[{"href":"https:\/\/wp.froehliche-eintracht.de\/index.php\/wp-json\/wp\/v2\/pages"}],"about":[{"href":"https:\/\/wp.froehliche-eintracht.de\/index.php\/wp-json\/wp\/v2\/types\/page"}],"author":[{"embeddable":true,"href":"https:\/\/wp.froehliche-eintracht.de\/index.php\/wp-json\/wp\/v2\/users\/1"}],"replies":[{"embeddable":true,"href":"https:\/\/wp.froehliche-eintracht.de\/index.php\/wp-json\/wp\/v2\/comments?post=76"}],"version-history":[{"count":43,"href":"https:\/\/wp.froehliche-eintracht.de\/index.php\/wp-json\/wp\/v2\/pages\/76\/revisions"}],"predecessor-version":[{"id":674,"href":"https:\/\/wp.froehliche-eintracht.de\/index.php\/wp-json\/wp\/v2\/pages\/76\/revisions\/674"}],"wp:attachment":[{"href":"https:\/\/wp.froehliche-eintracht.de\/index.php\/wp-json\/wp\/v2\/media?parent=76"}],"curies":[{"name":"wp","href":"https:\/\/api.w.org\/{rel}","templated":true}]}}